{"id":3,"date":"2023-05-03T15:57:46","date_gmt":"2023-05-03T15:57:46","guid":{"rendered":"http:\/\/uniponto.pt\/?page_id=3"},"modified":"2023-05-05T21:27:00","modified_gmt":"2023-05-05T21:27:00","slug":"politica-privacidade","status":"publish","type":"page","link":"https:\/\/uniponto.pt\/index.php\/politica-privacidade\/","title":{"rendered":"Pol\u00edtica de privacidade"},"content":{"rendered":"\n<h2 class=\"wp-block-heading\">Quem somos<\/h2>\n\n\n\n<p>O endere\u00e7o do nosso site \u00e9: http:\/\/uniponto.pt.<\/p>\n\n\n\n<h2 class=\"wp-block-heading\">Coment\u00e1rios<\/h2>\n\n\n\n<p><strong class=\"privacy-policy-tutorial\">Texto sugerido: <\/strong>Quando os visitantes deixam coment\u00e1rios no site, s\u00e3o guardados os dados presentes no formul\u00e1rio dos coment\u00e1rios, bem como o endere\u00e7o de IP e o agente do utilizador do navegador, para ajudar com a detec\u00e7\u00e3o de spam.<\/p>\n\n\n\n<p>Uma string an\u00f3nima criada a partir do seu endere\u00e7o de email (tamb\u00e9m designada por hash) pode ser enviada para o servi\u00e7o Gravatar para verificar se o est\u00e1 a utilizar. A pol\u00edtica de privacidade do servi\u00e7o Gravatar est\u00e1 dispon\u00edvel aqui: https:\/\/automattic.com\/privacy\/. Depois do seu coment\u00e1rio ser aprovado, a fotografia do ser perfil fica vis\u00edvel para o p\u00fablico no contexto do seu coment\u00e1rio.<\/p>\n\n\n\n<h2 class=\"wp-block-heading\">Multim\u00e9dia<\/h2>\n\n\n\n<p><strong class=\"privacy-policy-tutorial\">Texto sugerido: <\/strong>Ao carregar imagens para o site, deve evitar carregar imagens com dados incorporados de geolocaliza\u00e7\u00e3o (EXIF GPS). Os visitantes podem descarregar e extrair os dados de geolocaliza\u00e7\u00e3o das imagens do site.<\/p>\n\n\n\n<h2 class=\"wp-block-heading\">Cookies<\/h2>\n\n\n\n<p><strong class=\"privacy-policy-tutorial\">Texto sugerido: <\/strong>Se deixar um coment\u00e1rio no nosso site pode optar por guardar o seu nome, endere\u00e7o de email e site nos cookies. Isto \u00e9 para sua conveni\u00eancia para n\u00e3o ter de preencher novamente os seus dados quando deixar outro coment\u00e1rio. Estes cookies durar\u00e3o um ano.<\/p>\n\n\n\n<p>Se visitar a p\u00e1gina de in\u00edcio de sess\u00e3o, ser\u00e1 configurado um cookie tempor\u00e1rio para determinar se o seu navegador aceita cookies. Este cookie n\u00e3o cont\u00e9m dados pessoais e ser\u00e1 eliminado ao fechar o seu navegador.<\/p>\n\n\n\n<p>Ao iniciar a sess\u00e3o, ser\u00e3o configurados alguns cookies para guardar a sua informa\u00e7\u00e3o de sess\u00e3o e as suas escolhas de visualiza\u00e7\u00e3o de ecr\u00e3. Os cookies de in\u00edcio de sess\u00e3o duram um ano. Se seleccionar &#8220;Lembrar-me&#8221;, a sua sess\u00e3o ir\u00e1 persistir durante duas semanas. Ao terminar a sess\u00e3o, os cookies de inicio de sess\u00e3o ser\u00e3o removidos.<\/p>\n\n\n\n<p>Se editar ou publicar um artigo, ser\u00e1 guardado no seu navegador um cookie adicional. Este cookie n\u00e3o inclui dados pessoais apenas indica o ID de conte\u00fado do artigo que acabou de editar. Expira ao fim de 1 dia.<\/p>\n\n\n\n<h2 class=\"wp-block-heading\">Conte\u00fado incorporado de outros sites<\/h2>\n\n\n\n<p>Os artigos neste site podem incluir conte\u00fado incorporado (por exemplo: v\u00eddeos, imagens, artigos, etc.). O conte\u00fado incorporado de outros sites comporta-se tal como se o utilizador visitasse esses sites.<\/p>\n\n\n\n<p>Este site pode recolher dados sobre si, usar cookies, incorporar rastreio feito por terceiros, monitorizar as suas interac\u00e7\u00f5es com o mesmo, incluindo registar as interac\u00e7\u00f5es com conte\u00fado incorporado se tiver uma conta e estiver com sess\u00e3o iniciada nesse site.<\/p>\n\n\n\n<h2 class=\"wp-block-heading\">Com quem s\u00e3o partilhados os seus dados<\/h2>\n\n\n\n<p><strong class=\"privacy-policy-tutorial\">Texto sugerido: <\/strong>Se solicitar uma redefini\u00e7\u00e3o de senha, o seu endere\u00e7o de IP ser\u00e1 inclu\u00eddo no email de redefini\u00e7\u00e3o.<\/p>\n\n\n\n<h2 class=\"wp-block-heading\">Por quanto tempo s\u00e3o retidos os seus dados<\/h2>\n\n\n\n<p>Se deixar um coment\u00e1rio, o coment\u00e1rio e os seus metadados s\u00e3o guardados indefinidamente. Isto acontece de modo a ser poss\u00edvel reconhecer e aprovar automaticamente quaisquer coment\u00e1rios seguintes, em vez de os colocar numa fila de modera\u00e7\u00e3o.<\/p>\n\n\n\n<p>Para utilizadores que se registem no nosso site (se algum), guardamos a informa\u00e7\u00e3o pessoal fornecida no seu perfil de utilizador. Todos os utilizadores podem ver, editar, ou eliminar a sua informa\u00e7\u00e3o pessoal a qualquer momento (com a excep\u00e7\u00e3o de n\u00e3o poderem alterar o nome de utilizador). Os administradores do site podem tamb\u00e9m ver e editar essa informa\u00e7\u00e3o.<\/p>\n\n\n\n<h2 class=\"wp-block-heading\">Que direitos tem sobre os seus dados<\/h2>\n\n\n\n<p>Se tiver uma conta neste site, ou deixou coment\u00e1rios, pode pedir para receber um ficheiro de exporta\u00e7\u00e3o com os dados pessoais guardados sobre si, incluindo qualquer dado pessoal que indicou. Tamb\u00e9m pode solicitar que os dados guardados sejam eliminados. Isto n\u00e3o inclui qualquer dado pessoal que seja obrigat\u00f3rio manter para fins administrativos, legais ou de seguran\u00e7a.<\/p>\n\n\n\n<h2 class=\"wp-block-heading\">Para onde os seus dados s\u00e3o enviados<\/h2>\n\n\n\n<p><strong class=\"privacy-policy-tutorial\">Texto sugerido: <\/strong>Os coment\u00e1rios dos visitantes podem ser verificados atrav\u00e9s de um servi\u00e7o autom\u00e1tico de detec\u00e7\u00e3o de spam.<\/p>\n\n\n\n<p><\/p>\n\n\n\n<p>Ao aceder a este site, presumimos que aceita estes termos e condi\u00e7\u00f5es na totalidade. N\u00e3o continue a utilizar o site www.uniponto.pt se n\u00e3o aceitar todos os termos e servi\u00e7os referidos nesta p\u00e1gina.<\/p>\n\n\n\n<p>A terminologia seguinte aplica-se as estes Termos e Condi\u00e7\u00f5es, Declara\u00e7\u00e3o de Privacidade e Aviso de Isen\u00e7\u00e3o de Responsabilidade, assim como a todo e qualquer Acordo:&nbsp;<strong>Cliente<\/strong>,&nbsp;<strong>Voc\u00ea<\/strong>&nbsp;e&nbsp;<strong>Seu<\/strong>&nbsp;referem-se a si, a pessoa que est\u00e1 a aceder a este site para aceitar os termos e condi\u00e7\u00f5es da Empresa.&nbsp;<strong>A Empresa<\/strong>,&nbsp;<strong>N\u00f3s<\/strong>&nbsp;e&nbsp;<strong>Nosso<\/strong>, referem-se \u00e0 nossa Empresa.&nbsp;<strong>Entidade<\/strong>,&nbsp;<strong>Entidades<\/strong>, ou&nbsp;<strong>N\u00f3s<\/strong>, referem-se tanto ao Cliente como a n\u00f3s, ou s\u00f3 ao cliente ou a n\u00f3s.<\/p>\n\n\n\n<p>Todos os termos referem-se \u00e0 oferta, aceita\u00e7\u00e3o e considera\u00e7\u00e3o do pagamento necess\u00e1rio para levar a cabo o processo da nossa assist\u00eancia ao Cliente da forma mais apropriada, seja atrav\u00e9s de reuni\u00f5es formais de dura\u00e7\u00e3o fixa, ou qualquer outro meio, com o objetivo expresso de cumprir as necessidades do Cliente no que diz respeito ao fornecimento dos servi\u00e7os\/produtos da Empresa, de acordo com, e sujeito \u00e0 lei vigente.<\/p>\n\n\n\n<p>Qualquer uso da terminologia acima ou outras palavras no singular, plural, em mai\u00fascula\/min\u00fascula e\/ou ele\/ela ou eles\/elas s\u00e3o tomados como intermut\u00e1veis e, portanto, referem-se ao mesmo.<\/p>\n\n\n\n<p><strong>Cookies<\/strong><\/p>\n\n\n\n<p>Utilizamos cookies. Ao usar o site da www.uniponto.pt consente a utiliza\u00e7\u00e3o de cookies de acordo com a pol\u00edtica de privacidade da www.uniponto.pt. A maioria dos sites interativos de hoje em dia usam cookies que nos permitem recuperar os detalhes do utilizador para cada visita.<\/p>\n\n\n\n<p>As cookies s\u00e3o usadas em algumas \u00e1reas do nosso site para permitir a funcionalidade desta \u00e1rea e facilitar a utiliza\u00e7\u00e3o dos visitantes. Alguns dos nossos afiliados \/ parceiros publicit\u00e1rios podem tamb\u00e9m usar cookies.<\/p>\n\n\n\n<p><strong>Licen\u00e7a<\/strong><\/p>\n\n\n\n<p>Excetuando refer\u00eancia em contr\u00e1rio, a www.uniponto.pt e\/ou os seus licenciantes s\u00e3o propriet\u00e1rios dos direitos de propriedade intelectual para todo o material em (Nome da Loja).<\/p>\n\n\n\n<p>Todos os direitos de propriedade intelectual s\u00e3o reservados. Pode visualizar e\/ou imprimir p\u00e1ginas de (Adicionar URL) para o seu uso pessoal, sujeito \u00e0s restri\u00e7\u00f5es definidas nestes termos e condi\u00e7\u00f5es.<\/p>\n\n\n\n<p>N\u00e3o deve:<\/p>\n\n\n\n<ul>\n<li>Republicar material de www.uniponto.pt.<\/li>\n\n\n\n<li>Vender, alugar ou sub-licenciar material de www.uniponto.pt.<\/li>\n\n\n\n<li>Reproduzir, duplicar ou copiar material de www.uniponto.pt.<\/li>\n\n\n\n<li>Redistribuir conte\u00fado de www.uniponto.pt (a n\u00e3o ser que o conte\u00fado seja feito especificamente para redistribui\u00e7\u00e3o).<\/li>\n<\/ul>\n\n\n\n<p><strong>Aviso<\/strong><\/p>\n\n\n\n<p>No limite m\u00e1ximo permitido pela lei aplic\u00e1vel, exclu\u00edmos todas as representa\u00e7\u00f5es, garantias e condi\u00e7\u00f5es relacionadas com o nosso site e com a utiliza\u00e7\u00e3o deste site (incluindo, sem limita\u00e7\u00e3o, qualquer garantia impl\u00edcita na lei a respeito de qualidade satisfat\u00f3ria, adequa\u00e7\u00e3o ao prop\u00f3sito e\/ou utiliza\u00e7\u00e3o de cuidado e habilidade razo\u00e1vel).<\/p>\n\n\n\n<p>Nada neste aviso ir\u00e1:<\/p>\n\n\n\n<ul>\n<li>Limitar ou excluir a nossa ou a sua responsabilidade devido a morte ou les\u00f5es pessoais resultantes de neglig\u00eancia.<\/li>\n\n\n\n<li>Limitar ou excluir a nossa ou a sua responsabilidade por fraude ou declara\u00e7\u00f5es fraudulentas.<\/li>\n\n\n\n<li>Limitar qualquer responsabilidade nossa ou sua de qualquer forma que n\u00e3o seja permitida de acordo com a lei aplic\u00e1vel.<\/li>\n\n\n\n<li>Ou excluir qualquer das nossas, ou das suas, responsabilidades que n\u00e3o possam ser exclu\u00eddas de acordo com a lei aplic\u00e1vel.<\/li>\n<\/ul>\n\n\n\n<p>As limita\u00e7\u00f5es e exclus\u00f5es de responsabilidade definidas nesta Sec\u00e7\u00e3o e em outros locais deste aviso:<\/p>\n\n\n\n<ol>\n<li>est\u00e3o sujeitas ao par\u00e1grafo precedente; e<\/li>\n\n\n\n<li>governam todas as responsabilidades de acordo com este aviso ou em rela\u00e7\u00e3o com a mat\u00e9ria em quest\u00e3o neste aviso, incluindo responsabilidades que surjam em contrato, responsabilidade civil (incluindo negligencia) e por qualquer quebra de dever estatut\u00e1rio.<\/li>\n<\/ol>\n\n\n\n<p>Na medida em que o site, a informa\u00e7\u00e3o e os servi\u00e7os no site s\u00e3o fornecidos sem qualquer custo, n\u00e3o seremos respons\u00e1veis por qualquer perda ou dano de qualquer natureza.<\/p>\n","protected":false},"excerpt":{"rendered":"<p>Quem somos O endere\u00e7o do nosso site \u00e9: http:\/\/uniponto.pt. Coment\u00e1rios Texto sugerido: Quando os visitantes deixam coment\u00e1rios no site, s\u00e3o guardados os dados presentes no formul\u00e1rio dos coment\u00e1rios, bem como o endere\u00e7o de IP e o agente do utilizador do navegador, para ajudar com a detec\u00e7\u00e3o de spam. Uma string an\u00f3nima criada a partir do [&hellip;]<\/p>\n","protected":false},"author":1,"featured_media":0,"parent":0,"menu_order":0,"comment_status":"closed","ping_status":"open","template":"","meta":{"footnotes":""},"_links":{"self":[{"href":"https:\/\/uniponto.pt\/index.php\/wp-json\/wp\/v2\/pages\/3"}],"collection":[{"href":"https:\/\/uniponto.pt\/index.php\/wp-json\/wp\/v2\/pages"}],"about":[{"href":"https:\/\/uniponto.pt\/index.php\/wp-json\/wp\/v2\/types\/page"}],"author":[{"embeddable":true,"href":"https:\/\/uniponto.pt\/index.php\/wp-json\/wp\/v2\/users\/1"}],"replies":[{"embeddable":true,"href":"https:\/\/uniponto.pt\/index.php\/wp-json\/wp\/v2\/comments?post=3"}],"version-history":[{"count":1,"href":"https:\/\/uniponto.pt\/index.php\/wp-json\/wp\/v2\/pages\/3\/revisions"}],"predecessor-version":[{"id":72,"href":"https:\/\/uniponto.pt\/index.php\/wp-json\/wp\/v2\/pages\/3\/revisions\/72"}],"wp:attachment":[{"href":"https:\/\/uniponto.pt\/index.php\/wp-json\/wp\/v2\/media?parent=3"}],"curies":[{"name":"wp","href":"https:\/\/api.w.org\/{rel}","templated":true}]}}